{"id":444,"date":"2020-01-31T13:25:47","date_gmt":"2020-01-31T12:25:47","guid":{"rendered":"https:\/\/cicloturistalacubilla.es\/tour\/"},"modified":"2024-03-04T12:29:02","modified_gmt":"2024-03-04T11:29:02","slug":"parcours","status":"publish","type":"page","link":"https:\/\/cicloturistalacubilla.es\/fr\/parcours\/","title":{"rendered":"Tour"},"content":{"rendered":"\t\t<div data-elementor-type=\"wp-page\" data-elementor-id=\"444\" class=\"elementor elementor-444 elementor-32\" data-elementor-post-type=\"page\">\n\t\t\t\t\t\t<section data-particle_enable=\"false\" data-particle-mobile-disabled=\"false\" class=\"elementor-section elementor-top-section elementor-element elementor-element-4f82c46 elementor-section-full_width elementor-section-height-default elementor-section-height-default\" data-id=\"4f82c46\" data-element_type=\"section\">\n\t\t\t\t\t\t<div class=\"elementor-container elementor-column-gap-default\">\n\t\t\t\t\t<div class=\"elementor-column elementor-col-50 elementor-top-column elementor-element elementor-element-9d12289\" data-id=\"9d12289\" data-element_type=\"column\" data-settings=\"{&quot;background_background&quot;:&quot;classic&quot;}\">\n\t\t\t<div class=\"elementor-widget-wrap elementor-element-populated\">\n\t\t\t\t\t\t<div class=\"elementor-element elementor-element-68af413 elementor-widget elementor-widget-menu-anchor\" data-id=\"68af413\" data-element_type=\"widget\" data-widget_type=\"menu-anchor.default\">\n\t\t\t\t<div class=\"elementor-widget-container\">\n\t\t\t\t\t<div class=\"elementor-menu-anchor\" id=\"tour\"><\/div>\n\t\t\t\t<\/div>\n\t\t\t\t<\/div>\n\t\t\t\t<div class=\"elementor-element elementor-element-d0d0030 elementor-invisible elementor-widget elementor-widget-heading\" data-id=\"d0d0030\" data-element_type=\"widget\" data-settings=\"{&quot;_animation&quot;:&quot;fadeInLeft&quot;}\" data-widget_type=\"heading.default\">\n\t\t\t\t<div class=\"elementor-widget-container\">\n\t\t\t<h1 class=\"elementor-heading-title elementor-size-default\">Tour<\/h1>\t\t<\/div>\n\t\t\t\t<\/div>\n\t\t\t\t\t<\/div>\n\t\t<\/div>\n\t\t\t\t<div class=\"elementor-column elementor-col-50 elementor-top-column elementor-element elementor-element-67d5a67\" data-id=\"67d5a67\" data-element_type=\"column\" data-settings=\"{&quot;background_background&quot;:&quot;gradient&quot;}\">\n\t\t\t<div class=\"elementor-widget-wrap elementor-element-populated\">\n\t\t\t\t\t\t<div class=\"elementor-element elementor-element-2293e67 elementor-invisible elementor-widget elementor-widget-text-editor\" data-id=\"2293e67\" data-element_type=\"widget\" data-settings=\"{&quot;_animation&quot;:&quot;fadeInRight&quot;}\" data-widget_type=\"text-editor.default\">\n\t\t\t\t<div class=\"elementor-widget-container\">\n\t\t\t\t\t\t\t<p class=\"p1\"><span class=\"s1\">Une \u00e9preuve qui passe par les communes de Lena, Mieres et Langreo, terminant au sommet de La Cubilla, dans le <strong>Parc Naturel de Las Ubi\u00f1as \u2013 La Mesa R\u00e9serve de la Biosph\u00e8re.<\/strong><\/span><\/p>\n<p class=\"p1\"><span class=\"s1\">L&rsquo;environnement captivera les amateurs de v\u00e9lo avec une visite pleine <strong>d&rsquo;ascensions sinueuses, traversant des vall\u00e9es mini\u00e8res et des for\u00eats typiques des Asturies<\/strong> fort dans ses deux ports interm\u00e9diaires l&rsquo;Alto de <strong>Santo Emiliano<\/strong> et l&rsquo;Alto de <strong>la Mozqueta<\/strong>. Son dernier port, <strong>Alto de La Cubilla<\/strong> fort , conduira les participants \u00e0 une <strong>extase de sensations<\/strong>, avec des paysages oniriques et un p\u00e9dalage qui ne finit jamais \u00e0 cause de son ampleur. Tout cela, profitant de la nature \u00e0 l&rsquo;\u00e9tat pur, atteignant 1672m d&rsquo;altitude. En ajoutant <strong>la culture et la gastronomie des Asturies<\/strong>, ils feront un week-end inoubliable pour les participants et leurs compagnons.<\/span><\/p>\n<p class=\"p1\"><span class=\"s1\">Le port de La Cubilla a \u00e9t\u00e9 le th\u00e9\u00e2tre de la fin vibrante de l&rsquo;\u00e9tape du <strong>Tour d&rsquo;Espagne 2019<\/strong>, en plus de la finale la plus virale vot\u00e9e sur les r\u00e9seaux sociaux. Marquer un avant et un apr\u00e8s dans les cols espagnols. <strong>Vous souhaitez vivre une exp\u00e9rience cycliste authentique?<\/strong><\/span><\/p>\n\t\t\t\t\t\t<\/div>\n\t\t\t\t<\/div>\n\t\t\t\t<div class=\"elementor-element elementor-element-d74d689 elementor-invisible elementor-widget elementor-widget-image\" data-id=\"d74d689\" data-element_type=\"widget\" data-settings=\"{&quot;_animation&quot;:&quot;fadeInRight&quot;}\" data-widget_type=\"image.default\">\n\t\t\t\t<div class=\"elementor-widget-container\">\n\t\t\t\t\t\t\t\t\t\t\t\t\t\t<a href=\"https:\/\/cicloturistalacubilla.es\/wp-content\/uploads\/2020\/01\/mapa_cubilla.png\" data-elementor-open-lightbox=\"yes\" data-elementor-lightbox-title=\"Tour \u00e0 v\u00e9lo de La Cubilla\" data-elementor-lightbox-description=\"Tour \u00e0 v\u00e9lo de La Cubilla\" data-e-action-hash=\"#elementor-action%3Aaction%3Dlightbox%26settings%3DeyJpZCI6Mzk4LCJ1cmwiOiJodHRwczpcL1wvY2ljbG90dXJpc3RhbGFjdWJpbGxhLmVzXC93cC1jb250ZW50XC91cGxvYWRzXC8yMDIwXC8wMVwvbWFwYV9jdWJpbGxhLnBuZyJ9\">\n\t\t\t\t\t\t\t<img fetchpriority=\"high\" decoding=\"async\" width=\"733\" height=\"1024\" src=\"https:\/\/cicloturistalacubilla.es\/wp-content\/uploads\/2020\/01\/mapa_cubilla-733x1024.png\" class=\"attachment-large size-large wp-image-398\" alt=\"Tour \u00e0 v\u00e9lo de La Cubilla\" srcset=\"https:\/\/cicloturistalacubilla.es\/wp-content\/uploads\/2020\/01\/mapa_cubilla-733x1024.png 733w, https:\/\/cicloturistalacubilla.es\/wp-content\/uploads\/2020\/01\/mapa_cubilla-215x300.png 215w, https:\/\/cicloturistalacubilla.es\/wp-content\/uploads\/2020\/01\/mapa_cubilla-768x1073.png 768w, https:\/\/cicloturistalacubilla.es\/wp-content\/uploads\/2020\/01\/mapa_cubilla.png 856w\" sizes=\"(max-width: 733px) 100vw, 733px\" title=\"|\u00a0Cicloturista La Cubilla Asturias\">\t\t\t\t\t\t\t\t<\/a>\n\t\t\t\t\t\t\t\t\t\t\t\t\t<\/div>\n\t\t\t\t<\/div>\n\t\t\t\t\t<\/div>\n\t\t<\/div>\n\t\t\t\t\t<\/div>\n\t\t<\/section>\n\t\t\t\t<section data-particle_enable=\"false\" data-particle-mobile-disabled=\"false\" class=\"elementor-section elementor-top-section elementor-element elementor-element-0918cd6 elementor-section-full_width elementor-section-height-default elementor-section-height-default\" data-id=\"0918cd6\" data-element_type=\"section\">\n\t\t\t\t\t\t<div class=\"elementor-container elementor-column-gap-default\">\n\t\t\t\t\t<div class=\"elementor-column elementor-col-50 elementor-top-column elementor-element elementor-element-9c999c6\" data-id=\"9c999c6\" data-element_type=\"column\" data-settings=\"{&quot;background_background&quot;:&quot;classic&quot;,&quot;background_motion_fx_motion_fx_scrolling&quot;:&quot;yes&quot;,&quot;background_motion_fx_translateX_effect&quot;:&quot;yes&quot;,&quot;background_motion_fx_translateX_direction&quot;:&quot;negative&quot;,&quot;background_motion_fx_translateX_speed&quot;:{&quot;unit&quot;:&quot;px&quot;,&quot;size&quot;:4,&quot;sizes&quot;:[]},&quot;background_motion_fx_translateX_affectedRange&quot;:{&quot;unit&quot;:&quot;%&quot;,&quot;size&quot;:&quot;&quot;,&quot;sizes&quot;:{&quot;start&quot;:0,&quot;end&quot;:100}},&quot;background_motion_fx_devices&quot;:[&quot;desktop&quot;,&quot;tablet&quot;,&quot;mobile&quot;]}\">\n\t\t\t<div class=\"elementor-widget-wrap elementor-element-populated\">\n\t\t\t\t\t<div class=\"elementor-background-overlay\"><\/div>\n\t\t\t\t\t\t<div class=\"elementor-element elementor-element-e343ce1 elementor-widget elementor-widget-menu-anchor\" data-id=\"e343ce1\" data-element_type=\"widget\" data-widget_type=\"menu-anchor.default\">\n\t\t\t\t<div class=\"elementor-widget-container\">\n\t\t\t\t\t<div class=\"elementor-menu-anchor\" id=\"profil\"><\/div>\n\t\t\t\t<\/div>\n\t\t\t\t<\/div>\n\t\t\t\t<div class=\"elementor-element elementor-element-65f6b1f elementor-invisible elementor-widget elementor-widget-heading\" data-id=\"65f6b1f\" data-element_type=\"widget\" data-settings=\"{&quot;_animation&quot;:&quot;fadeInLeft&quot;}\" data-widget_type=\"heading.default\">\n\t\t\t\t<div class=\"elementor-widget-container\">\n\t\t\t<h2 class=\"elementor-heading-title elementor-size-default\">Profil<\/h2>\t\t<\/div>\n\t\t\t\t<\/div>\n\t\t\t\t\t<\/div>\n\t\t<\/div>\n\t\t\t\t<div class=\"elementor-column elementor-col-50 elementor-top-column elementor-element elementor-element-97d4209\" data-id=\"97d4209\" data-element_type=\"column\" data-settings=\"{&quot;background_background&quot;:&quot;classic&quot;}\">\n\t\t\t<div class=\"elementor-widget-wrap elementor-element-populated\">\n\t\t\t\t\t\t<div class=\"elementor-element elementor-element-581551e elementor-invisible elementor-widget elementor-widget-image\" data-id=\"581551e\" data-element_type=\"widget\" data-settings=\"{&quot;_animation&quot;:&quot;fadeInRight&quot;}\" data-widget_type=\"image.default\">\n\t\t\t\t<div class=\"elementor-widget-container\">\n\t\t\t\t\t\t\t\t\t\t\t\t\t\t<a href=\"https:\/\/cicloturistalacubilla.es\/wp-content\/uploads\/2020\/01\/Perfil_Cubilla.png\" data-elementor-open-lightbox=\"yes\" data-elementor-lightbox-title=\"Profil de cyclotourisme de La Cubilla\" data-e-action-hash=\"#elementor-action%3Aaction%3Dlightbox%26settings%3DeyJpZCI6Mzc4LCJ1cmwiOiJodHRwczpcL1wvY2ljbG90dXJpc3RhbGFjdWJpbGxhLmVzXC93cC1jb250ZW50XC91cGxvYWRzXC8yMDIwXC8wMVwvUGVyZmlsX0N1YmlsbGEucG5nIn0%3D\">\n\t\t\t\t\t\t\t<img decoding=\"async\" width=\"800\" height=\"716\" src=\"https:\/\/cicloturistalacubilla.es\/wp-content\/uploads\/2020\/01\/Perfil_Cubilla-1024x916.png\" class=\"attachment-large size-large wp-image-378\" alt=\"|\u00a0Cicloturista La Cubilla Asturias\" srcset=\"https:\/\/cicloturistalacubilla.es\/wp-content\/uploads\/2020\/01\/Perfil_Cubilla-1024x916.png 1024w, https:\/\/cicloturistalacubilla.es\/wp-content\/uploads\/2020\/01\/Perfil_Cubilla-300x268.png 300w, https:\/\/cicloturistalacubilla.es\/wp-content\/uploads\/2020\/01\/Perfil_Cubilla-768x687.png 768w, https:\/\/cicloturistalacubilla.es\/wp-content\/uploads\/2020\/01\/Perfil_Cubilla.png 1200w\" sizes=\"(max-width: 800px) 100vw, 800px\" title=\"|\u00a0Cicloturista La Cubilla Asturias\">\t\t\t\t\t\t\t\t<\/a>\n\t\t\t\t\t\t\t\t\t\t\t\t\t<\/div>\n\t\t\t\t<\/div>\n\t\t\t\t\t<\/div>\n\t\t<\/div>\n\t\t\t\t\t<\/div>\n\t\t<\/section>\n\t\t\t\t<section data-particle_enable=\"false\" data-particle-mobile-disabled=\"false\" class=\"elementor-section elementor-top-section elementor-element elementor-element-1ea52cb elementor-section-full_width elementor-section-height-default elementor-section-height-default\" data-id=\"1ea52cb\" data-element_type=\"section\">\n\t\t\t\t\t\t<div class=\"elementor-container elementor-column-gap-default\">\n\t\t\t\t\t<div class=\"elementor-column elementor-col-50 elementor-top-column elementor-element elementor-element-7d8bccb\" data-id=\"7d8bccb\" data-element_type=\"column\" data-settings=\"{&quot;background_background&quot;:&quot;classic&quot;}\">\n\t\t\t<div class=\"elementor-widget-wrap elementor-element-populated\">\n\t\t\t\t\t\t<div class=\"elementor-element elementor-element-fd9519f elementor-widget elementor-widget-menu-anchor\" data-id=\"fd9519f\" data-element_type=\"widget\" data-widget_type=\"menu-anchor.default\">\n\t\t\t\t<div class=\"elementor-widget-container\">\n\t\t\t\t\t<div class=\"elementor-menu-anchor\" id=\"altimtrie\"><\/div>\n\t\t\t\t<\/div>\n\t\t\t\t<\/div>\n\t\t\t\t<div class=\"elementor-element elementor-element-d0d6e46 elementor-invisible elementor-widget elementor-widget-heading\" data-id=\"d0d6e46\" data-element_type=\"widget\" data-settings=\"{&quot;_animation&quot;:&quot;fadeInLeft&quot;}\" data-widget_type=\"heading.default\">\n\t\t\t\t<div class=\"elementor-widget-container\">\n\t\t\t<h2 class=\"elementor-heading-title elementor-size-default\">Altim\u00e9trie<\/h2>\t\t<\/div>\n\t\t\t\t<\/div>\n\t\t\t\t\t<\/div>\n\t\t<\/div>\n\t\t\t\t<div class=\"elementor-column elementor-col-50 elementor-top-column elementor-element elementor-element-d1559e9\" data-id=\"d1559e9\" data-element_type=\"column\" data-settings=\"{&quot;background_background&quot;:&quot;gradient&quot;}\">\n\t\t\t<div class=\"elementor-widget-wrap elementor-element-populated\">\n\t\t\t\t\t\t<div class=\"elementor-element elementor-element-3861678 elementor-invisible elementor-widget elementor-widget-uael-advanced-heading\" data-id=\"3861678\" data-element_type=\"widget\" data-settings=\"{&quot;_animation&quot;:&quot;fadeInRight&quot;}\" data-widget_type=\"uael-advanced-heading.default\">\n\t\t\t\t<div class=\"elementor-widget-container\">\n\t\t\t\n\t\t<div class=\"uael-module-content uael-heading-wrapper\">\n\t\t\t\t\t\t\n\t\t\t<h3 class=\"uael-heading\">\n\t\t\t\t\t\t\t\t\t\t<span class=\"uael-heading-text elementor-inline-editing uael-size--large\" data-elementor-setting-key=\"heading_title\" data-elementor-inline-editing-toolbar=\"basic\">Santo Emiliano<\/span>\n\t\t\t\t\t\t\t<\/h3>\n\n\t\t\t\n\t\t\t\n\t\t\t\n\t\t\t\t\t\t<\/div>\n\t\t\t\t<\/div>\n\t\t\t\t<\/div>\n\t\t\t\t<div class=\"elementor-element elementor-element-ac883f3 elementor-invisible elementor-widget elementor-widget-image\" data-id=\"ac883f3\" data-element_type=\"widget\" data-settings=\"{&quot;_animation&quot;:&quot;fadeInRight&quot;}\" data-widget_type=\"image.default\">\n\t\t\t\t<div class=\"elementor-widget-container\">\n\t\t\t\t\t\t\t\t\t\t\t\t\t\t<a href=\"https:\/\/cicloturistalacubilla.es\/wp-content\/uploads\/2024\/03\/altimetriaSANTO-EMILIANO.jpeg\" data-elementor-open-lightbox=\"yes\" data-elementor-lightbox-title=\"F:Dropbox_MGSALTIMETR\u00cdAS_cicloturista_LA_CUBILLAaltimetriaSANTO-EMILIANO Model (1)\" data-elementor-lightbox-description=\"Altimetria San Emiliano Cicloturista La Cubilla\" data-e-action-hash=\"#elementor-action%3Aaction%3Dlightbox%26settings%3DeyJpZCI6MTc4MCwidXJsIjoiaHR0cHM6XC9cL2NpY2xvdHVyaXN0YWxhY3ViaWxsYS5lc1wvd3AtY29udGVudFwvdXBsb2Fkc1wvMjAyNFwvMDNcL2FsdGltZXRyaWFTQU5UTy1FTUlMSUFOTy5qcGVnIn0%3D\">\n\t\t\t\t\t\t\t<img decoding=\"async\" width=\"800\" height=\"800\" src=\"https:\/\/cicloturistalacubilla.es\/wp-content\/uploads\/2024\/03\/altimetriaSANTO-EMILIANO.jpeg\" class=\"attachment-large size-large wp-image-1780\" alt=\"Altimetria San Emiliano Cicloturista La Cubilla\" srcset=\"https:\/\/cicloturistalacubilla.es\/wp-content\/uploads\/2024\/03\/altimetriaSANTO-EMILIANO.jpeg 960w, https:\/\/cicloturistalacubilla.es\/wp-content\/uploads\/2024\/03\/altimetriaSANTO-EMILIANO-300x300.jpeg 300w, https:\/\/cicloturistalacubilla.es\/wp-content\/uploads\/2024\/03\/altimetriaSANTO-EMILIANO-150x150.jpeg 150w, https:\/\/cicloturistalacubilla.es\/wp-content\/uploads\/2024\/03\/altimetriaSANTO-EMILIANO-768x768.jpeg 768w\" sizes=\"(max-width: 800px) 100vw, 800px\" title=\"|\u00a0Cicloturista La Cubilla Asturias\">\t\t\t\t\t\t\t\t<\/a>\n\t\t\t\t\t\t\t\t\t\t\t\t\t<\/div>\n\t\t\t\t<\/div>\n\t\t\t\t<div class=\"elementor-element elementor-element-3f17277 elementor-widget-divider--view-line elementor-widget elementor-widget-divider\" data-id=\"3f17277\" data-element_type=\"widget\" data-widget_type=\"divider.default\">\n\t\t\t\t<div class=\"elementor-widget-container\">\n\t\t\t\t\t<div class=\"elementor-divider\">\n\t\t\t<span class=\"elementor-divider-separator\">\n\t\t\t\t\t\t<\/span>\n\t\t<\/div>\n\t\t\t\t<\/div>\n\t\t\t\t<\/div>\n\t\t\t\t<div class=\"elementor-element elementor-element-e375415 elementor-invisible elementor-widget elementor-widget-uael-advanced-heading\" data-id=\"e375415\" data-element_type=\"widget\" data-settings=\"{&quot;_animation&quot;:&quot;fadeInRight&quot;}\" data-widget_type=\"uael-advanced-heading.default\">\n\t\t\t\t<div class=\"elementor-widget-container\">\n\t\t\t\n\t\t<div class=\"uael-module-content uael-heading-wrapper\">\n\t\t\t\t\t\t\n\t\t\t<h3 class=\"uael-heading\">\n\t\t\t\t\t\t\t\t\t\t<span class=\"uael-heading-text elementor-inline-editing uael-size--large\" data-elementor-setting-key=\"heading_title\" data-elementor-inline-editing-toolbar=\"basic\">La Mozqueta<\/span>\n\t\t\t\t\t\t\t<\/h3>\n\n\t\t\t\n\t\t\t\n\t\t\t\n\t\t\t\t\t\t<\/div>\n\t\t\t\t<\/div>\n\t\t\t\t<\/div>\n\t\t\t\t<div class=\"elementor-element elementor-element-f69f34d elementor-invisible elementor-widget elementor-widget-image\" data-id=\"f69f34d\" data-element_type=\"widget\" data-settings=\"{&quot;_animation&quot;:&quot;fadeInRight&quot;}\" data-widget_type=\"image.default\">\n\t\t\t\t<div class=\"elementor-widget-container\">\n\t\t\t\t\t\t\t\t\t\t\t\t\t\t<a href=\"https:\/\/cicloturistalacubilla.es\/wp-content\/uploads\/2024\/03\/altimetriaMOZQUETA.jpeg\" data-elementor-open-lightbox=\"yes\" data-elementor-lightbox-title=\"F:Dropbox_MGSALTIMETR\u00cdAS_cicloturista_LA_CUBILLAaltimetriaSANTO-EMILIANO Model (1)\" data-elementor-lightbox-description=\"Altimetria La Mozqueta Cicloturista La Cubilla\" data-e-action-hash=\"#elementor-action%3Aaction%3Dlightbox%26settings%3DeyJpZCI6MTc4MiwidXJsIjoiaHR0cHM6XC9cL2NpY2xvdHVyaXN0YWxhY3ViaWxsYS5lc1wvd3AtY29udGVudFwvdXBsb2Fkc1wvMjAyNFwvMDNcL2FsdGltZXRyaWFNT1pRVUVUQS5qcGVnIn0%3D\">\n\t\t\t\t\t\t\t<img loading=\"lazy\" decoding=\"async\" width=\"800\" height=\"800\" src=\"https:\/\/cicloturistalacubilla.es\/wp-content\/uploads\/2024\/03\/altimetriaMOZQUETA.jpeg\" class=\"attachment-large size-large wp-image-1782\" alt=\"Altimetria La Mozqueta Cicloturista La Cubilla\" srcset=\"https:\/\/cicloturistalacubilla.es\/wp-content\/uploads\/2024\/03\/altimetriaMOZQUETA.jpeg 960w, https:\/\/cicloturistalacubilla.es\/wp-content\/uploads\/2024\/03\/altimetriaMOZQUETA-300x300.jpeg 300w, https:\/\/cicloturistalacubilla.es\/wp-content\/uploads\/2024\/03\/altimetriaMOZQUETA-150x150.jpeg 150w, https:\/\/cicloturistalacubilla.es\/wp-content\/uploads\/2024\/03\/altimetriaMOZQUETA-768x768.jpeg 768w\" sizes=\"(max-width: 800px) 100vw, 800px\" title=\"|\u00a0Cicloturista La Cubilla Asturias\">\t\t\t\t\t\t\t\t<\/a>\n\t\t\t\t\t\t\t\t\t\t\t\t\t<\/div>\n\t\t\t\t<\/div>\n\t\t\t\t<div class=\"elementor-element elementor-element-0657a52 elementor-widget-divider--view-line elementor-widget elementor-widget-divider\" data-id=\"0657a52\" data-element_type=\"widget\" data-widget_type=\"divider.default\">\n\t\t\t\t<div class=\"elementor-widget-container\">\n\t\t\t\t\t<div class=\"elementor-divider\">\n\t\t\t<span class=\"elementor-divider-separator\">\n\t\t\t\t\t\t<\/span>\n\t\t<\/div>\n\t\t\t\t<\/div>\n\t\t\t\t<\/div>\n\t\t\t\t<div class=\"elementor-element elementor-element-e19a247 elementor-invisible elementor-widget elementor-widget-uael-advanced-heading\" data-id=\"e19a247\" data-element_type=\"widget\" data-settings=\"{&quot;_animation&quot;:&quot;fadeInRight&quot;}\" data-widget_type=\"uael-advanced-heading.default\">\n\t\t\t\t<div class=\"elementor-widget-container\">\n\t\t\t\n\t\t<div class=\"uael-module-content uael-heading-wrapper\">\n\t\t\t\t\t\t\n\t\t\t<h3 class=\"uael-heading\">\n\t\t\t\t\t\t\t\t\t\t<span class=\"uael-heading-text elementor-inline-editing uael-size--large\" data-elementor-setting-key=\"heading_title\" data-elementor-inline-editing-toolbar=\"basic\">La Cubilla<\/span>\n\t\t\t\t\t\t\t<\/h3>\n\n\t\t\t\n\t\t\t\n\t\t\t\n\t\t\t\t\t\t<\/div>\n\t\t\t\t<\/div>\n\t\t\t\t<\/div>\n\t\t\t\t<div class=\"elementor-element elementor-element-ba29ba8 elementor-invisible elementor-widget elementor-widget-image\" data-id=\"ba29ba8\" data-element_type=\"widget\" data-settings=\"{&quot;_animation&quot;:&quot;fadeInRight&quot;}\" data-widget_type=\"image.default\">\n\t\t\t\t<div class=\"elementor-widget-container\">\n\t\t\t\t\t\t\t\t\t\t\t\t\t\t<a href=\"https:\/\/cicloturistalacubilla.es\/wp-content\/uploads\/2024\/03\/altimetria_LA-CUBILLA.jpeg\" data-elementor-open-lightbox=\"yes\" data-elementor-lightbox-title=\"F:Dropbox_MGSALTIMETR\u00cdAS_cicloturista_LA_CUBILLAaltimetriaSANTO-EMILIANO Model (1)\" data-elementor-lightbox-description=\"Altimetria La Cubilla Cicloturista La Cubilla\" data-e-action-hash=\"#elementor-action%3Aaction%3Dlightbox%26settings%3DeyJpZCI6MTc4NCwidXJsIjoiaHR0cHM6XC9cL2NpY2xvdHVyaXN0YWxhY3ViaWxsYS5lc1wvd3AtY29udGVudFwvdXBsb2Fkc1wvMjAyNFwvMDNcL2FsdGltZXRyaWFfTEEtQ1VCSUxMQS5qcGVnIn0%3D\">\n\t\t\t\t\t\t\t<img loading=\"lazy\" decoding=\"async\" width=\"800\" height=\"800\" src=\"https:\/\/cicloturistalacubilla.es\/wp-content\/uploads\/2024\/03\/altimetria_LA-CUBILLA.jpeg\" class=\"attachment-large size-large wp-image-1784\" alt=\"Altimetria La Cubilla Cicloturista La Cubilla\" srcset=\"https:\/\/cicloturistalacubilla.es\/wp-content\/uploads\/2024\/03\/altimetria_LA-CUBILLA.jpeg 960w, https:\/\/cicloturistalacubilla.es\/wp-content\/uploads\/2024\/03\/altimetria_LA-CUBILLA-300x300.jpeg 300w, https:\/\/cicloturistalacubilla.es\/wp-content\/uploads\/2024\/03\/altimetria_LA-CUBILLA-150x150.jpeg 150w, https:\/\/cicloturistalacubilla.es\/wp-content\/uploads\/2024\/03\/altimetria_LA-CUBILLA-768x768.jpeg 768w\" sizes=\"(max-width: 800px) 100vw, 800px\" title=\"|\u00a0Cicloturista La Cubilla Asturias\">\t\t\t\t\t\t\t\t<\/a>\n\t\t\t\t\t\t\t\t\t\t\t\t\t<\/div>\n\t\t\t\t<\/div>\n\t\t\t\t\t<\/div>\n\t\t<\/div>\n\t\t\t\t\t<\/div>\n\t\t<\/section>\n\t\t\t\t<section data-particle_enable=\"false\" data-particle-mobile-disabled=\"false\" class=\"elementor-section elementor-top-section elementor-element elementor-element-02fcae4 elementor-section-full_width elementor-section-height-default elementor-section-height-default\" data-id=\"02fcae4\" data-element_type=\"section\">\n\t\t\t\t\t\t<div class=\"elementor-container elementor-column-gap-default\">\n\t\t\t\t\t<div class=\"elementor-column elementor-col-50 elementor-top-column elementor-element elementor-element-7f44e98\" data-id=\"7f44e98\" data-element_type=\"column\" data-settings=\"{&quot;background_background&quot;:&quot;classic&quot;}\">\n\t\t\t<div class=\"elementor-widget-wrap elementor-element-populated\">\n\t\t\t\t\t<div class=\"elementor-background-overlay\"><\/div>\n\t\t\t\t\t\t<div class=\"elementor-element elementor-element-3d54dc9 elementor-widget elementor-widget-menu-anchor\" data-id=\"3d54dc9\" data-element_type=\"widget\" data-widget_type=\"menu-anchor.default\">\n\t\t\t\t<div class=\"elementor-widget-container\">\n\t\t\t\t\t<div class=\"elementor-menu-anchor\" id=\"track\"><\/div>\n\t\t\t\t<\/div>\n\t\t\t\t<\/div>\n\t\t\t\t<div class=\"elementor-element elementor-element-ff751e3 elementor-invisible elementor-widget elementor-widget-heading\" data-id=\"ff751e3\" data-element_type=\"widget\" data-settings=\"{&quot;_animation&quot;:&quot;fadeInLeft&quot;}\" data-widget_type=\"heading.default\">\n\t\t\t\t<div class=\"elementor-widget-container\">\n\t\t\t<h2 class=\"elementor-heading-title elementor-size-default\">Track tour<\/h2>\t\t<\/div>\n\t\t\t\t<\/div>\n\t\t\t\t<div class=\"elementor-element elementor-element-8ec5ed5 elementor-align-right elementor-mobile-align-center elementor-invisible elementor-widget elementor-widget-button\" data-id=\"8ec5ed5\" data-element_type=\"widget\" data-settings=\"{&quot;_animation&quot;:&quot;fadeInLeft&quot;}\" data-widget_type=\"button.default\">\n\t\t\t\t<div class=\"elementor-widget-container\">\n\t\t\t\t\t<div class=\"elementor-button-wrapper\">\n\t\t\t<a class=\"elementor-button elementor-button-link elementor-size-md elementor-animation-grow\" href=\"https:\/\/es.wikiloc.com\/rutas-ciclismo\/cicloturista-la-cubilla-97552091\" target=\"_blank\" rel=\"noopener\">\n\t\t\t\t\t\t<span class=\"elementor-button-content-wrapper\">\n\t\t\t\t\t\t<span class=\"elementor-button-icon\">\n\t\t\t\t<i aria-hidden=\"true\" class=\"fas fa-arrow-right\"><\/i>\t\t\t<\/span>\n\t\t\t\t\t\t\t\t\t<span class=\"elementor-button-text\">T\u00c9L\u00c9CHARGER TRACK<\/span>\n\t\t\t\t\t<\/span>\n\t\t\t\t\t<\/a>\n\t\t<\/div>\n\t\t\t\t<\/div>\n\t\t\t\t<\/div>\n\t\t\t\t\t<\/div>\n\t\t<\/div>\n\t\t\t\t<div class=\"elementor-column elementor-col-50 elementor-top-column elementor-element elementor-element-045e2fb\" data-id=\"045e2fb\" data-element_type=\"column\" data-settings=\"{&quot;background_background&quot;:&quot;gradient&quot;}\">\n\t\t\t<div class=\"elementor-widget-wrap elementor-element-populated\">\n\t\t\t\t\t\t<div class=\"elementor-element elementor-element-4e45471 elementor-widget elementor-widget-menu-anchor\" data-id=\"4e45471\" data-element_type=\"widget\" data-widget_type=\"menu-anchor.default\">\n\t\t\t\t<div class=\"elementor-widget-container\">\n\t\t\t\t\t<div class=\"elementor-menu-anchor\" id=\"rglement\"><\/div>\n\t\t\t\t<\/div>\n\t\t\t\t<\/div>\n\t\t\t\t<div class=\"elementor-element elementor-element-232dffb elementor-invisible elementor-widget elementor-widget-heading\" data-id=\"232dffb\" data-element_type=\"widget\" data-settings=\"{&quot;_animation&quot;:&quot;fadeInRight&quot;}\" data-widget_type=\"heading.default\">\n\t\t\t\t<div class=\"elementor-widget-container\">\n\t\t\t<h2 class=\"elementor-heading-title elementor-size-default\">R\u00e8glement<\/h2>\t\t<\/div>\n\t\t\t\t<\/div>\n\t\t\t\t<div class=\"elementor-element elementor-element-858802f elementor-align-left elementor-mobile-align-center elementor-invisible elementor-widget elementor-widget-button\" data-id=\"858802f\" data-element_type=\"widget\" data-settings=\"{&quot;_animation&quot;:&quot;fadeInRight&quot;}\" data-widget_type=\"button.default\">\n\t\t\t\t<div class=\"elementor-widget-container\">\n\t\t\t\t\t<div class=\"elementor-button-wrapper\">\n\t\t\t<a class=\"elementor-button elementor-button-link elementor-size-md elementor-animation-grow\" href=\"\/descargas\/reglamento_V_cubilla.pdf\" target=\"_blank\">\n\t\t\t\t\t\t<span class=\"elementor-button-content-wrapper\">\n\t\t\t\t\t\t<span class=\"elementor-button-icon\">\n\t\t\t\t<i aria-hidden=\"true\" class=\"fas fa-arrow-right\"><\/i>\t\t\t<\/span>\n\t\t\t\t\t\t\t\t\t<span class=\"elementor-button-text\">VOIR LE R\u00c8GLEMENT<\/span>\n\t\t\t\t\t<\/span>\n\t\t\t\t\t<\/a>\n\t\t<\/div>\n\t\t\t\t<\/div>\n\t\t\t\t<\/div>\n\t\t\t\t\t<\/div>\n\t\t<\/div>\n\t\t\t\t\t<\/div>\n\t\t<\/section>\n\t\t\t\t<\/div>\n\t\t","protected":false},"excerpt":{"rendered":"<p>Tour Une \u00e9preuve qui passe par les communes de Lena, Mieres et Langreo, terminant au sommet de La Cubilla, dans le Parc Naturel de Las Ubi\u00f1as \u2013 La Mesa R\u00e9serve de la Biosph\u00e8re. L&rsquo;environnement captivera les amateurs de v\u00e9lo avec une visite pleine d&rsquo;ascensions sinueuses, traversant des vall\u00e9es mini\u00e8res et des for\u00eats typiques des Asturies [&hellip;]<\/p>\n","protected":false},"author":1,"featured_media":586,"parent":0,"menu_order":2,"comment_status":"closed","ping_status":"closed","template":"elementor_header_footer","meta":{"footnotes":""},"class_list":["post-444","page","type-page","status-publish","has-post-thumbnail","hentry"],"_links":{"self":[{"href":"https:\/\/cicloturistalacubilla.es\/fr\/wp-json\/wp\/v2\/pages\/444"}],"collection":[{"href":"https:\/\/cicloturistalacubilla.es\/fr\/wp-json\/wp\/v2\/pages"}],"about":[{"href":"https:\/\/cicloturistalacubilla.es\/fr\/wp-json\/wp\/v2\/types\/page"}],"author":[{"embeddable":true,"href":"https:\/\/cicloturistalacubilla.es\/fr\/wp-json\/wp\/v2\/users\/1"}],"replies":[{"embeddable":true,"href":"https:\/\/cicloturistalacubilla.es\/fr\/wp-json\/wp\/v2\/comments?post=444"}],"version-history":[{"count":8,"href":"https:\/\/cicloturistalacubilla.es\/fr\/wp-json\/wp\/v2\/pages\/444\/revisions"}],"predecessor-version":[{"id":1964,"href":"https:\/\/cicloturistalacubilla.es\/fr\/wp-json\/wp\/v2\/pages\/444\/revisions\/1964"}],"wp:featuredmedia":[{"embeddable":true,"href":"https:\/\/cicloturistalacubilla.es\/fr\/wp-json\/wp\/v2\/media\/586"}],"wp:attachment":[{"href":"https:\/\/cicloturistalacubilla.es\/fr\/wp-json\/wp\/v2\/media?parent=444"}],"curies":[{"name":"wp","href":"https:\/\/api.w.org\/{rel}","templated":true}]}}