{"id":453,"date":"2020-01-31T13:28:54","date_gmt":"2020-01-31T12:28:54","guid":{"rendered":"https:\/\/cicloturistalacubilla.es\/classifications\/"},"modified":"2024-04-09T12:24:28","modified_gmt":"2024-04-09T10:24:28","slug":"classements","status":"publish","type":"page","link":"https:\/\/cicloturistalacubilla.es\/fr\/classements\/","title":{"rendered":"Classifications"},"content":{"rendered":"\t\t<div data-elementor-type=\"wp-page\" data-elementor-id=\"453\" class=\"elementor elementor-453 elementor-48\" data-elementor-post-type=\"page\">\n\t\t\t\t\t\t<section data-particle_enable=\"false\" data-particle-mobile-disabled=\"false\" class=\"elementor-section elementor-top-section elementor-element elementor-element-3ac2b79 elementor-section-full_width elementor-section-height-min-height elementor-section-items-stretch elementor-section-height-default\" data-id=\"3ac2b79\" data-element_type=\"section\">\n\t\t\t\t\t\t<div class=\"elementor-container elementor-column-gap-default\">\n\t\t\t\t\t<div class=\"elementor-column elementor-col-50 elementor-top-column elementor-element elementor-element-5381603\" data-id=\"5381603\" data-element_type=\"column\" data-settings=\"{&quot;background_background&quot;:&quot;classic&quot;}\">\n\t\t\t<div class=\"elementor-widget-wrap elementor-element-populated\">\n\t\t\t\t\t\t<div class=\"elementor-element elementor-element-6b49249 elementor-invisible elementor-widget elementor-widget-heading\" data-id=\"6b49249\" data-element_type=\"widget\" data-settings=\"{&quot;_animation&quot;:&quot;fadeInLeft&quot;}\" data-widget_type=\"heading.default\">\n\t\t\t\t<div class=\"elementor-widget-container\">\n\t\t\t<h1 class=\"elementor-heading-title elementor-size-default\">Classifications<\/h1>\t\t<\/div>\n\t\t\t\t<\/div>\n\t\t\t\t\t<\/div>\n\t\t<\/div>\n\t\t\t\t<div class=\"elementor-column elementor-col-50 elementor-top-column elementor-element elementor-element-53a4c5b\" data-id=\"53a4c5b\" data-element_type=\"column\" data-settings=\"{&quot;background_background&quot;:&quot;gradient&quot;}\">\n\t\t\t<div class=\"elementor-widget-wrap elementor-element-populated\">\n\t\t\t\t\t\t<div class=\"elementor-element elementor-element-bf987a1 elementor-align-left elementor-mobile-align-center elementor-invisible elementor-widget elementor-widget-button\" data-id=\"bf987a1\" data-element_type=\"widget\" data-settings=\"{&quot;_animation&quot;:&quot;fadeInRight&quot;}\" data-widget_type=\"button.default\">\n\t\t\t\t<div class=\"elementor-widget-container\">\n\t\t\t\t\t<div class=\"elementor-button-wrapper\">\n\t\t\t<a class=\"elementor-button elementor-button-link elementor-size-md elementor-animation-grow\" href=\"\/descargas\/Historico_Cronoescalada_La_Cubilla.pdf\" target=\"_blank\">\n\t\t\t\t\t\t<span class=\"elementor-button-content-wrapper\">\n\t\t\t\t\t\t<span class=\"elementor-button-icon\">\n\t\t\t\t<i aria-hidden=\"true\" class=\"fas fa-arrow-right\"><\/i>\t\t\t<\/span>\n\t\t\t\t\t\t\t\t\t<span class=\"elementor-button-text\">HISTORIQUE CHRONOESCAL\u00c9<\/span>\n\t\t\t\t\t<\/span>\n\t\t\t\t\t<\/a>\n\t\t<\/div>\n\t\t\t\t<\/div>\n\t\t\t\t<\/div>\n\t\t\t\t<div class=\"elementor-element elementor-element-790f4cf elementor-position-left elementor-view-default elementor-mobile-position-top elementor-vertical-align-top elementor-invisible elementor-widget elementor-widget-icon-box\" data-id=\"790f4cf\" data-element_type=\"widget\" data-settings=\"{&quot;_animation&quot;:&quot;fadeInRight&quot;}\" data-widget_type=\"icon-box.default\">\n\t\t\t\t<div class=\"elementor-widget-container\">\n\t\t\t\t\t<div class=\"elementor-icon-box-wrapper\">\n\n\t\t\t\t\t\t<div class=\"elementor-icon-box-icon\">\n\t\t\t\t<span  class=\"elementor-icon elementor-animation-\">\n\t\t\t\t<svg xmlns=\"http:\/\/www.w3.org\/2000\/svg\" xmlns:xlink=\"http:\/\/www.w3.org\/1999\/xlink\" xmlns:serif=\"http:\/\/www.serif.com\/\" width=\"100%\" height=\"100%\" viewBox=\"0 0 512 512\" xml:space=\"preserve\" style=\"fill-rule:evenodd;clip-rule:evenodd;stroke-linejoin:round;stroke-miterlimit:2;\"><g id=\"_09-timer\"><path d=\"M411.093,152.411l30.656,-30.656l-30.165,-30.176l-32.795,32.794c-29.957,-21.229 -64.922,-34.316 -101.456,-37.973l0,-43.733l42.667,0l0,-42.667l-128,0l0,42.667l42.667,0l0,43.733c-36.534,3.657 -71.499,16.744 -101.456,37.973l-32.795,-32.794l-30.165,30.176l30.656,30.656c-37.391,39.588 -58.24,92.028 -58.24,146.482c0,117.032 96.302,213.334 213.333,213.334c117.031,0 213.333,-96.302 213.333,-213.334c0,-54.454 -20.849,-106.894 -58.24,-146.482Zm-155.093,316.922c-93.625,0 -170.667,-77.041 -170.667,-170.666c0,-93.625 77.042,-170.667 170.667,-170.667c93.625,0 170.667,77.042 170.667,170.667c-0.105,93.585 -77.082,170.561 -170.667,170.666Z\" style=\"fill:#fff;fill-rule:nonzero;\"><\/path><path d=\"M256,170.667l0,128l-128,0c0,70.218 57.781,128 128,128c70.219,0 128,-57.782 128,-128c0,-70.219 -57.781,-128 -128,-128Z\" style=\"fill:#fff;fill-rule:nonzero;\"><\/path><\/g><\/svg>\t\t\t\t<\/span>\n\t\t\t<\/div>\n\t\t\t\n\t\t\t\t\t\t<div class=\"elementor-icon-box-content\">\n\n\t\t\t\t\t\t\t\t\t<h3 class=\"elementor-icon-box-title\">\n\t\t\t\t\t\t<span  >\n\t\t\t\t\t\t\t2023\t\t\t\t\t\t<\/span>\n\t\t\t\t\t<\/h3>\n\t\t\t\t\n\t\t\t\t\t\t\t\t\t<p class=\"elementor-icon-box-description\">\n\t\t\t\t\t\tV\u00e9rifiez votre classement de l'\u00e9dition 2023 du Cyclotouriste La Cubilla\t\t\t\t\t<\/p>\n\t\t\t\t\n\t\t\t<\/div>\n\t\t\t\n\t\t<\/div>\n\t\t\t\t<\/div>\n\t\t\t\t<\/div>\n\t\t\t\t<div class=\"elementor-element elementor-element-5d46c42 elementor-align-left elementor-mobile-align-center elementor-invisible elementor-widget elementor-widget-button\" data-id=\"5d46c42\" data-element_type=\"widget\" data-settings=\"{&quot;_animation&quot;:&quot;fadeInRight&quot;}\" data-widget_type=\"button.default\">\n\t\t\t\t<div class=\"elementor-widget-container\">\n\t\t\t\t\t<div class=\"elementor-button-wrapper\">\n\t\t\t<a class=\"elementor-button elementor-button-link elementor-size-md elementor-animation-grow\" href=\"https:\/\/www.empa-t.com\/resultados\/iii-cicloturista-la-cubilla\/\" target=\"_blank\" rel=\"noopener\">\n\t\t\t\t\t\t<span class=\"elementor-button-content-wrapper\">\n\t\t\t\t\t\t<span class=\"elementor-button-icon\">\n\t\t\t\t<i aria-hidden=\"true\" class=\"fas fa-arrow-right\"><\/i>\t\t\t<\/span>\n\t\t\t\t\t\t\t\t\t<span class=\"elementor-button-text\">VOIR CLASSIFICATION 2023<\/span>\n\t\t\t\t\t<\/span>\n\t\t\t\t\t<\/a>\n\t\t<\/div>\n\t\t\t\t<\/div>\n\t\t\t\t<\/div>\n\t\t\t\t<div class=\"elementor-element elementor-element-30a9a17 elementor-position-left elementor-view-default elementor-mobile-position-top elementor-vertical-align-top elementor-invisible elementor-widget elementor-widget-icon-box\" data-id=\"30a9a17\" data-element_type=\"widget\" data-settings=\"{&quot;_animation&quot;:&quot;fadeInRight&quot;}\" data-widget_type=\"icon-box.default\">\n\t\t\t\t<div class=\"elementor-widget-container\">\n\t\t\t\t\t<div class=\"elementor-icon-box-wrapper\">\n\n\t\t\t\t\t\t<div class=\"elementor-icon-box-icon\">\n\t\t\t\t<span  class=\"elementor-icon elementor-animation-\">\n\t\t\t\t<svg xmlns=\"http:\/\/www.w3.org\/2000\/svg\" xmlns:xlink=\"http:\/\/www.w3.org\/1999\/xlink\" xmlns:serif=\"http:\/\/www.serif.com\/\" width=\"100%\" height=\"100%\" viewBox=\"0 0 512 512\" xml:space=\"preserve\" style=\"fill-rule:evenodd;clip-rule:evenodd;stroke-linejoin:round;stroke-miterlimit:2;\"><g id=\"_09-timer\"><path d=\"M411.093,152.411l30.656,-30.656l-30.165,-30.176l-32.795,32.794c-29.957,-21.229 -64.922,-34.316 -101.456,-37.973l0,-43.733l42.667,0l0,-42.667l-128,0l0,42.667l42.667,0l0,43.733c-36.534,3.657 -71.499,16.744 -101.456,37.973l-32.795,-32.794l-30.165,30.176l30.656,30.656c-37.391,39.588 -58.24,92.028 -58.24,146.482c0,117.032 96.302,213.334 213.333,213.334c117.031,0 213.333,-96.302 213.333,-213.334c0,-54.454 -20.849,-106.894 -58.24,-146.482Zm-155.093,316.922c-93.625,0 -170.667,-77.041 -170.667,-170.666c0,-93.625 77.042,-170.667 170.667,-170.667c93.625,0 170.667,77.042 170.667,170.667c-0.105,93.585 -77.082,170.561 -170.667,170.666Z\" style=\"fill:#fff;fill-rule:nonzero;\"><\/path><path d=\"M256,170.667l0,128l-128,0c0,70.218 57.781,128 128,128c70.219,0 128,-57.782 128,-128c0,-70.219 -57.781,-128 -128,-128Z\" style=\"fill:#fff;fill-rule:nonzero;\"><\/path><\/g><\/svg>\t\t\t\t<\/span>\n\t\t\t<\/div>\n\t\t\t\n\t\t\t\t\t\t<div class=\"elementor-icon-box-content\">\n\n\t\t\t\t\t\t\t\t\t<h3 class=\"elementor-icon-box-title\">\n\t\t\t\t\t\t<span  >\n\t\t\t\t\t\t\t2022\t\t\t\t\t\t<\/span>\n\t\t\t\t\t<\/h3>\n\t\t\t\t\n\t\t\t\t\t\t\t\t\t<p class=\"elementor-icon-box-description\">\n\t\t\t\t\t\tConsulta tus tiempos de la edici\u00f3n 2022 de la Cicloturista La Cubilla\t\t\t\t\t<\/p>\n\t\t\t\t\n\t\t\t<\/div>\n\t\t\t\n\t\t<\/div>\n\t\t\t\t<\/div>\n\t\t\t\t<\/div>\n\t\t\t\t<div class=\"elementor-element elementor-element-3c40777 elementor-align-left elementor-mobile-align-center elementor-invisible elementor-widget elementor-widget-button\" data-id=\"3c40777\" data-element_type=\"widget\" data-settings=\"{&quot;_animation&quot;:&quot;fadeInRight&quot;}\" data-widget_type=\"button.default\">\n\t\t\t\t<div class=\"elementor-widget-container\">\n\t\t\t\t\t<div class=\"elementor-button-wrapper\">\n\t\t\t<a class=\"elementor-button elementor-button-link elementor-size-md elementor-animation-grow\" href=\"https:\/\/www.empa-t.com\/resultados\/iii-cicloturista-la-cubilla\/\" target=\"_blank\" rel=\"noopener\">\n\t\t\t\t\t\t<span class=\"elementor-button-content-wrapper\">\n\t\t\t\t\t\t<span class=\"elementor-button-icon\">\n\t\t\t\t<i aria-hidden=\"true\" class=\"fas fa-arrow-right\"><\/i>\t\t\t<\/span>\n\t\t\t\t\t\t\t\t\t<span class=\"elementor-button-text\">VER TIEMPOS 2022<\/span>\n\t\t\t\t\t<\/span>\n\t\t\t\t\t<\/a>\n\t\t<\/div>\n\t\t\t\t<\/div>\n\t\t\t\t<\/div>\n\t\t\t\t<div class=\"elementor-element elementor-element-6689754 elementor-position-left elementor-view-default elementor-mobile-position-top elementor-vertical-align-top elementor-invisible elementor-widget elementor-widget-icon-box\" data-id=\"6689754\" data-element_type=\"widget\" data-settings=\"{&quot;_animation&quot;:&quot;fadeInRight&quot;}\" data-widget_type=\"icon-box.default\">\n\t\t\t\t<div class=\"elementor-widget-container\">\n\t\t\t\t\t<div class=\"elementor-icon-box-wrapper\">\n\n\t\t\t\t\t\t<div class=\"elementor-icon-box-icon\">\n\t\t\t\t<span  class=\"elementor-icon elementor-animation-\">\n\t\t\t\t<svg xmlns=\"http:\/\/www.w3.org\/2000\/svg\" xmlns:xlink=\"http:\/\/www.w3.org\/1999\/xlink\" xmlns:serif=\"http:\/\/www.serif.com\/\" width=\"100%\" height=\"100%\" viewBox=\"0 0 512 512\" xml:space=\"preserve\" style=\"fill-rule:evenodd;clip-rule:evenodd;stroke-linejoin:round;stroke-miterlimit:2;\"><g id=\"_09-timer\"><path d=\"M411.093,152.411l30.656,-30.656l-30.165,-30.176l-32.795,32.794c-29.957,-21.229 -64.922,-34.316 -101.456,-37.973l0,-43.733l42.667,0l0,-42.667l-128,0l0,42.667l42.667,0l0,43.733c-36.534,3.657 -71.499,16.744 -101.456,37.973l-32.795,-32.794l-30.165,30.176l30.656,30.656c-37.391,39.588 -58.24,92.028 -58.24,146.482c0,117.032 96.302,213.334 213.333,213.334c117.031,0 213.333,-96.302 213.333,-213.334c0,-54.454 -20.849,-106.894 -58.24,-146.482Zm-155.093,316.922c-93.625,0 -170.667,-77.041 -170.667,-170.666c0,-93.625 77.042,-170.667 170.667,-170.667c93.625,0 170.667,77.042 170.667,170.667c-0.105,93.585 -77.082,170.561 -170.667,170.666Z\" style=\"fill:#fff;fill-rule:nonzero;\"><\/path><path d=\"M256,170.667l0,128l-128,0c0,70.218 57.781,128 128,128c70.219,0 128,-57.782 128,-128c0,-70.219 -57.781,-128 -128,-128Z\" style=\"fill:#fff;fill-rule:nonzero;\"><\/path><\/g><\/svg>\t\t\t\t<\/span>\n\t\t\t<\/div>\n\t\t\t\n\t\t\t\t\t\t<div class=\"elementor-icon-box-content\">\n\n\t\t\t\t\t\t\t\t\t<h3 class=\"elementor-icon-box-title\">\n\t\t\t\t\t\t<span  >\n\t\t\t\t\t\t\t2021\t\t\t\t\t\t<\/span>\n\t\t\t\t\t<\/h3>\n\t\t\t\t\n\t\t\t\t\t\t\t\t\t<p class=\"elementor-icon-box-description\">\n\t\t\t\t\t\tConsulta tus tiempos de la edici\u00f3n 2021 de la Cicloturista La Cubilla\t\t\t\t\t<\/p>\n\t\t\t\t\n\t\t\t<\/div>\n\t\t\t\n\t\t<\/div>\n\t\t\t\t<\/div>\n\t\t\t\t<\/div>\n\t\t\t\t<div class=\"elementor-element elementor-element-08bd704 elementor-align-left elementor-mobile-align-center elementor-invisible elementor-widget elementor-widget-button\" data-id=\"08bd704\" data-element_type=\"widget\" data-settings=\"{&quot;_animation&quot;:&quot;fadeInRight&quot;}\" data-widget_type=\"button.default\">\n\t\t\t\t<div class=\"elementor-widget-container\">\n\t\t\t\t\t<div class=\"elementor-button-wrapper\">\n\t\t\t<a class=\"elementor-button elementor-button-link elementor-size-md elementor-animation-grow\" href=\"https:\/\/www.empa-t.com\/resultados\/ii-cicloturista-la-cubilla\/\" target=\"_blank\" rel=\"noopener\">\n\t\t\t\t\t\t<span class=\"elementor-button-content-wrapper\">\n\t\t\t\t\t\t<span class=\"elementor-button-icon\">\n\t\t\t\t<i aria-hidden=\"true\" class=\"fas fa-arrow-right\"><\/i>\t\t\t<\/span>\n\t\t\t\t\t\t\t\t\t<span class=\"elementor-button-text\">VER TIEMPOS 2021<\/span>\n\t\t\t\t\t<\/span>\n\t\t\t\t\t<\/a>\n\t\t<\/div>\n\t\t\t\t<\/div>\n\t\t\t\t<\/div>\n\t\t\t\t<div class=\"elementor-element elementor-element-a808d4e elementor-position-left elementor-view-default elementor-mobile-position-top elementor-vertical-align-top elementor-invisible elementor-widget elementor-widget-icon-box\" data-id=\"a808d4e\" data-element_type=\"widget\" data-settings=\"{&quot;_animation&quot;:&quot;fadeInRight&quot;}\" data-widget_type=\"icon-box.default\">\n\t\t\t\t<div class=\"elementor-widget-container\">\n\t\t\t\t\t<div class=\"elementor-icon-box-wrapper\">\n\n\t\t\t\t\t\t<div class=\"elementor-icon-box-icon\">\n\t\t\t\t<span  class=\"elementor-icon elementor-animation-\">\n\t\t\t\t<svg xmlns=\"http:\/\/www.w3.org\/2000\/svg\" xmlns:xlink=\"http:\/\/www.w3.org\/1999\/xlink\" xmlns:serif=\"http:\/\/www.serif.com\/\" width=\"100%\" height=\"100%\" viewBox=\"0 0 512 512\" xml:space=\"preserve\" style=\"fill-rule:evenodd;clip-rule:evenodd;stroke-linejoin:round;stroke-miterlimit:2;\"><g id=\"_09-timer\"><path d=\"M411.093,152.411l30.656,-30.656l-30.165,-30.176l-32.795,32.794c-29.957,-21.229 -64.922,-34.316 -101.456,-37.973l0,-43.733l42.667,0l0,-42.667l-128,0l0,42.667l42.667,0l0,43.733c-36.534,3.657 -71.499,16.744 -101.456,37.973l-32.795,-32.794l-30.165,30.176l30.656,30.656c-37.391,39.588 -58.24,92.028 -58.24,146.482c0,117.032 96.302,213.334 213.333,213.334c117.031,0 213.333,-96.302 213.333,-213.334c0,-54.454 -20.849,-106.894 -58.24,-146.482Zm-155.093,316.922c-93.625,0 -170.667,-77.041 -170.667,-170.666c0,-93.625 77.042,-170.667 170.667,-170.667c93.625,0 170.667,77.042 170.667,170.667c-0.105,93.585 -77.082,170.561 -170.667,170.666Z\" style=\"fill:#fff;fill-rule:nonzero;\"><\/path><path d=\"M256,170.667l0,128l-128,0c0,70.218 57.781,128 128,128c70.219,0 128,-57.782 128,-128c0,-70.219 -57.781,-128 -128,-128Z\" style=\"fill:#fff;fill-rule:nonzero;\"><\/path><\/g><\/svg>\t\t\t\t<\/span>\n\t\t\t<\/div>\n\t\t\t\n\t\t\t\t\t\t<div class=\"elementor-icon-box-content\">\n\n\t\t\t\t\t\t\t\t\t<h3 class=\"elementor-icon-box-title\">\n\t\t\t\t\t\t<span  >\n\t\t\t\t\t\t\t2019\t\t\t\t\t\t<\/span>\n\t\t\t\t\t<\/h3>\n\t\t\t\t\n\t\t\t\t\t\t\t\t\t<p class=\"elementor-icon-box-description\">\n\t\t\t\t\t\tV\u00e9rifiez votre classement de l'\u00e9dition 2019 du Cyclotouriste La Cubilla\t\t\t\t\t<\/p>\n\t\t\t\t\n\t\t\t<\/div>\n\t\t\t\n\t\t<\/div>\n\t\t\t\t<\/div>\n\t\t\t\t<\/div>\n\t\t\t\t<div class=\"elementor-element elementor-element-1c711d1 elementor-align-left elementor-mobile-align-center elementor-invisible elementor-widget elementor-widget-button\" data-id=\"1c711d1\" data-element_type=\"widget\" data-settings=\"{&quot;_animation&quot;:&quot;fadeInRight&quot;}\" data-widget_type=\"button.default\">\n\t\t\t\t<div class=\"elementor-widget-container\">\n\t\t\t\t\t<div class=\"elementor-button-wrapper\">\n\t\t\t<a class=\"elementor-button elementor-button-link elementor-size-md elementor-animation-grow\" href=\"https:\/\/empa-t.com\/resultados\/G-Live\/g-live.html?f=..\/La_Cubilla\/2019\/Ciclo_La_Cubilla.clax\" target=\"_blank\" rel=\"noopener\">\n\t\t\t\t\t\t<span class=\"elementor-button-content-wrapper\">\n\t\t\t\t\t\t<span class=\"elementor-button-icon\">\n\t\t\t\t<i aria-hidden=\"true\" class=\"fas fa-arrow-right\"><\/i>\t\t\t<\/span>\n\t\t\t\t\t\t\t\t\t<span class=\"elementor-button-text\">VOIR CLASSIFICATION 2019<\/span>\n\t\t\t\t\t<\/span>\n\t\t\t\t\t<\/a>\n\t\t<\/div>\n\t\t\t\t<\/div>\n\t\t\t\t<\/div>\n\t\t\t\t\t<\/div>\n\t\t<\/div>\n\t\t\t\t\t<\/div>\n\t\t<\/section>\n\t\t\t\t<\/div>\n\t\t","protected":false},"excerpt":{"rendered":"<p>Classifications HISTORIQUE CHRONOESCAL\u00c9 2023 V\u00e9rifiez votre classement de l&rsquo;\u00e9dition 2023 du Cyclotouriste La Cubilla VOIR CLASSIFICATION 2023 2022 Consulta tus tiempos de la edici\u00f3n 2022 de la Cicloturista La Cubilla VER TIEMPOS 2022 2021 Consulta tus tiempos de la edici\u00f3n 2021 de la Cicloturista La Cubilla VER TIEMPOS 2021 2019 V\u00e9rifiez votre classement de l&rsquo;\u00e9dition [&hellip;]<\/p>\n","protected":false},"author":1,"featured_media":594,"parent":0,"menu_order":3,"comment_status":"closed","ping_status":"closed","template":"elementor_header_footer","meta":{"footnotes":""},"class_list":["post-453","page","type-page","status-publish","has-post-thumbnail","hentry"],"_links":{"self":[{"href":"https:\/\/cicloturistalacubilla.es\/fr\/wp-json\/wp\/v2\/pages\/453"}],"collection":[{"href":"https:\/\/cicloturistalacubilla.es\/fr\/wp-json\/wp\/v2\/pages"}],"about":[{"href":"https:\/\/cicloturistalacubilla.es\/fr\/wp-json\/wp\/v2\/types\/page"}],"author":[{"embeddable":true,"href":"https:\/\/cicloturistalacubilla.es\/fr\/wp-json\/wp\/v2\/users\/1"}],"replies":[{"embeddable":true,"href":"https:\/\/cicloturistalacubilla.es\/fr\/wp-json\/wp\/v2\/comments?post=453"}],"version-history":[{"count":5,"href":"https:\/\/cicloturistalacubilla.es\/fr\/wp-json\/wp\/v2\/pages\/453\/revisions"}],"predecessor-version":[{"id":2013,"href":"https:\/\/cicloturistalacubilla.es\/fr\/wp-json\/wp\/v2\/pages\/453\/revisions\/2013"}],"wp:featuredmedia":[{"embeddable":true,"href":"https:\/\/cicloturistalacubilla.es\/fr\/wp-json\/wp\/v2\/media\/594"}],"wp:attachment":[{"href":"https:\/\/cicloturistalacubilla.es\/fr\/wp-json\/wp\/v2\/media?parent=453"}],"curies":[{"name":"wp","href":"https:\/\/api.w.org\/{rel}","templated":true}]}}