{"id":465,"date":"2020-01-31T13:34:34","date_gmt":"2020-01-31T12:34:34","guid":{"rendered":"https:\/\/cicloturistalacubilla.es\/linformation\/"},"modified":"2023-12-28T07:48:19","modified_gmt":"2023-12-28T06:48:19","slug":"informations","status":"publish","type":"page","link":"https:\/\/cicloturistalacubilla.es\/fr\/informations\/","title":{"rendered":"L&rsquo;information"},"content":{"rendered":"\t\t<div data-elementor-type=\"wp-page\" data-elementor-id=\"465\" class=\"elementor elementor-465 elementor-54\" data-elementor-post-type=\"page\">\n\t\t\t\t\t\t<section data-particle_enable=\"false\" data-particle-mobile-disabled=\"false\" class=\"elementor-section elementor-top-section elementor-element elementor-element-941bf1e elementor-section-full_width elementor-section-height-default elementor-section-height-default\" data-id=\"941bf1e\" data-element_type=\"section\">\n\t\t\t\t\t\t<div class=\"elementor-container elementor-column-gap-default\">\n\t\t\t\t\t<div class=\"elementor-column elementor-col-50 elementor-top-column elementor-element elementor-element-b55540a\" data-id=\"b55540a\" data-element_type=\"column\" data-settings=\"{&quot;background_background&quot;:&quot;classic&quot;}\">\n\t\t\t<div class=\"elementor-widget-wrap elementor-element-populated\">\n\t\t\t\t\t\t<div class=\"elementor-element elementor-element-0da233c elementor-widget elementor-widget-menu-anchor\" data-id=\"0da233c\" data-element_type=\"widget\" data-widget_type=\"menu-anchor.default\">\n\t\t\t\t<div class=\"elementor-widget-container\">\n\t\t\t\t\t<div class=\"elementor-menu-anchor\" id=\"arriver\"><\/div>\n\t\t\t\t<\/div>\n\t\t\t\t<\/div>\n\t\t\t\t<div class=\"elementor-element elementor-element-913204b elementor-invisible elementor-widget elementor-widget-heading\" data-id=\"913204b\" data-element_type=\"widget\" data-settings=\"{&quot;_animation&quot;:&quot;fadeInLeft&quot;}\" data-widget_type=\"heading.default\">\n\t\t\t\t<div class=\"elementor-widget-container\">\n\t\t\t<h1 class=\"elementor-heading-title elementor-size-default\">Comment arriver<\/h1>\t\t<\/div>\n\t\t\t\t<\/div>\n\t\t\t\t<div class=\"elementor-element elementor-element-73fe468 elementor-align-right elementor-mobile-align-center elementor-invisible elementor-widget elementor-widget-button\" data-id=\"73fe468\" data-element_type=\"widget\" data-settings=\"{&quot;_animation&quot;:&quot;fadeInLeft&quot;}\" data-widget_type=\"button.default\">\n\t\t\t\t<div class=\"elementor-widget-container\">\n\t\t\t\t\t<div class=\"elementor-button-wrapper\">\n\t\t\t<a class=\"elementor-button elementor-button-link elementor-size-md elementor-animation-grow\" href=\"https:\/\/www.google.es\/maps\/place\/Colegio+Sagrada+Familia+El+Pilar\/@43.1628943,-5.8316373,17z\/data=!3m1!4b1!4m6!3m5!1s0xd36fa3dc35235f5:0x572cceb358e5525b!8m2!3d43.1628943!4d-5.8290624!16s%2Fg%2F11b6dqsv7h?entry=ttu\" target=\"_blank\" rel=\"noopener\">\n\t\t\t\t\t\t<span class=\"elementor-button-content-wrapper\">\n\t\t\t\t\t\t<span class=\"elementor-button-icon\">\n\t\t\t\t<i aria-hidden=\"true\" class=\"fas fa-arrow-right\"><\/i>\t\t\t<\/span>\n\t\t\t\t\t\t\t\t\t<span class=\"elementor-button-text\">VOIR SUR Google Maps<\/span>\n\t\t\t\t\t<\/span>\n\t\t\t\t\t<\/a>\n\t\t<\/div>\n\t\t\t\t<\/div>\n\t\t\t\t<\/div>\n\t\t\t\t\t<\/div>\n\t\t<\/div>\n\t\t\t\t<div class=\"elementor-column elementor-col-50 elementor-top-column elementor-element elementor-element-2bb1e68\" data-id=\"2bb1e68\" data-element_type=\"column\" data-settings=\"{&quot;background_background&quot;:&quot;gradient&quot;}\">\n\t\t\t<div class=\"elementor-widget-wrap elementor-element-populated\">\n\t\t\t\t\t\t<div class=\"elementor-element elementor-element-d1a7a84 elementor-widget elementor-widget-ee-google-map\" data-id=\"d1a7a84\" data-element_type=\"widget\" data-settings=\"{&quot;map_type&quot;:&quot;SATELLITE&quot;,&quot;zoom_control&quot;:&quot;yes&quot;,&quot;popups&quot;:&quot;yes&quot;,&quot;fit&quot;:&quot;yes&quot;,&quot;doubleclick_zoom&quot;:&quot;yes&quot;,&quot;draggable&quot;:&quot;yes&quot;,&quot;keyboard_shortcuts&quot;:&quot;yes&quot;,&quot;pin_size&quot;:{&quot;unit&quot;:&quot;px&quot;,&quot;size&quot;:50,&quot;sizes&quot;:[]},&quot;pin_position_horizontal&quot;:&quot;center&quot;,&quot;pin_position_vertical&quot;:&quot;top&quot;,&quot;map_style_type&quot;:&quot;api&quot;}\" data-widget_type=\"ee-google-map.default\">\n\t\t\t\t<div class=\"elementor-widget-container\">\n\t\t\t<div class=\"ee-google-map-wrapper\"><div class=\"ee-google-map\" data-lat=\"\" data-lng=\"\">\n\t\t\t\t\t\t\n\t\t\t\t\t<div class=\"ee-google-map__pin\" data-trigger=\"click\" data-lat=\"43.162887897344454\" data-lng=\"-5.829213088943408\" data-id=\"282182e\" data-icon=\"https:\/\/cicloturistalacubilla.es\/wp-content\/uploads\/2022\/05\/icono_03.png\">\n\t\t\t\t\t\t\t<h5 class=\"ee-google-map__pin__title\">\n\t\t\t\t\t\t\t\t\tPolideportivo Jes\u00fas Su\u00e1rez Valgrande\t\t\t\t\t\t\t\t<\/h5>\n\t\t\t\t\t\t\t\t<p class=\"ee-google-map__pin__description\">\n\t\t\t\t\t\t\t\t\t<p>Entrega de dorsales.<\/p>\t\t\t\t\t\t\t\t<\/p>\n\n\t\t\t\t\t\t\t\t\t\t\t\t\t<\/div><div class=\"ee-google-map__pin\" data-trigger=\"click\" data-lat=\"43.153256228106216\" data-lng=\"-5.824796754036373\" data-id=\"df4af31\" data-icon=\"https:\/\/cicloturistalacubilla.es\/wp-content\/uploads\/2022\/05\/icono_04.png\">\n\t\t\t\t\t\t\t<h5 class=\"ee-google-map__pin__title\">\n\t\t\t\t\t\t\t\t\tRecinto Ferial\t\t\t\t\t\t\t\t<\/h5>\n\t\t\t\t\t\t\t\t<p class=\"ee-google-map__pin__description\">\n\t\t\t\t\t\t\t\t\t<p>Zona de Salida.<\/p>\t\t\t\t\t\t\t\t<\/p>\n\n\t\t\t\t\t\t\t\t\t\t\t\t\t<\/div><div class=\"ee-google-map__pin\" data-trigger=\"click\" data-lat=\"43.14888374610551\" data-lng=\"-5.823758532263732\" data-id=\"ce5dbbc\" data-icon=\"https:\/\/cicloturistalacubilla.es\/wp-content\/uploads\/2022\/05\/icono_01.png\">\n\t\t\t\t\t\t\t<h5 class=\"ee-google-map__pin__title\">\n\t\t\t\t\t\t\t\t\tCampo de Futbol del Sot\u00f3n\t\t\t\t\t\t\t\t<\/h5>\n\t\t\t\t\t\t\t\t<p class=\"ee-google-map__pin__description\">\n\t\t\t\t\t\t\t\t\t<p>Control de Acceso a Salida<\/p>\t\t\t\t\t\t\t\t<\/p>\n\n\t\t\t\t\t\t\t\t\t\t\t\t\t<\/div><div class=\"ee-google-map__pin\" data-trigger=\"click\" data-lat=\"43.15013275022458\" data-lng=\"-5.825638406967604\" data-id=\"def46aa\" data-icon=\"https:\/\/cicloturistalacubilla.es\/wp-content\/uploads\/2022\/05\/icono_02.png\">\n\t\t\t\t\t\t\t<h5 class=\"ee-google-map__pin__title\">\n\t\t\t\t\t\t\t\t\tPiscinas\t\t\t\t\t\t\t\t<\/h5>\n\t\t\t\t\t\t\t\t<p class=\"ee-google-map__pin__description\">\n\t\t\t\t\t\t\t\t\t<p>Duchas<\/p>\t\t\t\t\t\t\t\t<\/p>\n\n\t\t\t\t\t\t\t\t\t\t\t\t\t<\/div><\/div><\/div>\t\t<\/div>\n\t\t\t\t<\/div>\n\t\t\t\t\t<\/div>\n\t\t<\/div>\n\t\t\t\t\t<\/div>\n\t\t<\/section>\n\t\t\t\t<section data-particle_enable=\"false\" data-particle-mobile-disabled=\"false\" class=\"elementor-section elementor-top-section elementor-element elementor-element-ec199d0 elementor-section-full_width elementor-section-height-default elementor-section-height-default\" data-id=\"ec199d0\" data-element_type=\"section\">\n\t\t\t\t\t\t<div class=\"elementor-container elementor-column-gap-default\">\n\t\t\t\t\t<div class=\"elementor-column elementor-col-50 elementor-top-column elementor-element elementor-element-d0aa74d\" data-id=\"d0aa74d\" data-element_type=\"column\" data-settings=\"{&quot;background_background&quot;:&quot;classic&quot;}\">\n\t\t\t<div class=\"elementor-widget-wrap elementor-element-populated\">\n\t\t\t\t\t<div class=\"elementor-background-overlay\"><\/div>\n\t\t\t\t\t\t<div class=\"elementor-element elementor-element-5e479a3 elementor-widget elementor-widget-menu-anchor\" data-id=\"5e479a3\" data-element_type=\"widget\" data-widget_type=\"menu-anchor.default\">\n\t\t\t\t<div class=\"elementor-widget-container\">\n\t\t\t\t\t<div class=\"elementor-menu-anchor\" id=\"programme\"><\/div>\n\t\t\t\t<\/div>\n\t\t\t\t<\/div>\n\t\t\t\t<div class=\"elementor-element elementor-element-1d7cdd6 elementor-invisible elementor-widget elementor-widget-heading\" data-id=\"1d7cdd6\" data-element_type=\"widget\" data-settings=\"{&quot;_animation&quot;:&quot;fadeInLeft&quot;}\" data-widget_type=\"heading.default\">\n\t\t\t\t<div class=\"elementor-widget-container\">\n\t\t\t<h2 class=\"elementor-heading-title elementor-size-default\">Programme<\/h2>\t\t<\/div>\n\t\t\t\t<\/div>\n\t\t\t\t\t<\/div>\n\t\t<\/div>\n\t\t\t\t<div class=\"elementor-column elementor-col-50 elementor-top-column elementor-element elementor-element-dd8647e\" data-id=\"dd8647e\" data-element_type=\"column\" data-settings=\"{&quot;background_background&quot;:&quot;classic&quot;}\">\n\t\t\t<div class=\"elementor-widget-wrap elementor-element-populated\">\n\t\t\t\t\t\t<div class=\"elementor-element elementor-element-eb3bb4a elementor-invisible elementor-widget elementor-widget-heading\" data-id=\"eb3bb4a\" data-element_type=\"widget\" data-settings=\"{&quot;_animation&quot;:&quot;fadeInLeft&quot;}\" data-widget_type=\"heading.default\">\n\t\t\t\t<div class=\"elementor-widget-container\">\n\t\t\t<h3 class=\"elementor-heading-title elementor-size-default\">PR\u00d3XIMAMENTE...<\/h3>\t\t<\/div>\n\t\t\t\t<\/div>\n\t\t\t\t\t<\/div>\n\t\t<\/div>\n\t\t\t\t\t<\/div>\n\t\t<\/section>\n\t\t\t\t<section data-particle_enable=\"false\" data-particle-mobile-disabled=\"false\" class=\"elementor-section elementor-top-section elementor-element elementor-element-c30f7b1 elementor-section-boxed elementor-section-height-default elementor-section-height-default\" data-id=\"c30f7b1\" data-element_type=\"section\">\n\t\t\t\t\t\t<div class=\"elementor-container elementor-column-gap-default\">\n\t\t\t\t\t<div class=\"elementor-column elementor-col-100 elementor-top-column elementor-element elementor-element-69bdbf0\" data-id=\"69bdbf0\" data-element_type=\"column\">\n\t\t\t<div class=\"elementor-widget-wrap elementor-element-populated\">\n\t\t\t\t\t\t<div class=\"elementor-element elementor-element-ebf9ac5 elementor-invisible elementor-widget elementor-widget-heading\" data-id=\"ebf9ac5\" data-element_type=\"widget\" data-settings=\"{&quot;_animation&quot;:&quot;fadeInLeft&quot;}\" data-widget_type=\"heading.default\">\n\t\t\t\t<div class=\"elementor-widget-container\">\n\t\t\t<h2 class=\"elementor-heading-title elementor-size-default\">RECUERDA<\/h2>\t\t<\/div>\n\t\t\t\t<\/div>\n\t\t\t\t<div class=\"elementor-element elementor-element-70085a1 elementor-invisible elementor-widget elementor-widget-text-editor\" data-id=\"70085a1\" data-element_type=\"widget\" data-settings=\"{&quot;_animation&quot;:&quot;fadeInRight&quot;}\" data-widget_type=\"text-editor.default\">\n\t\t\t\t<div class=\"elementor-widget-container\">\n\t\t\t\t\t\t\t<p><strong>PROFITEZ DU CYCLOTOURISME<\/strong><\/p>\n<p>CE N&rsquo;EST PAS UNE COMP\u00c9TITION, PARTAGEZ L&rsquo;EXP\u00c9RIENCE AVEC LES AUTRES PARTICIPANTS, VISUALISEZ LA BEAUT\u00c9 DU PAYSAGE ET CHERCHEZ VOS LIMITES SANS METTRE VOTRE VIE OU CELLE DES AUTRES EN DANGER.<\/p>\n<p><strong>RESPECTEZ LES R\u00c8GLES DE CIRCULATION<\/strong><\/p>\n<p>IL R\u00c9POND AUX INSTRUCTIONS DE L&rsquo;ORGANISATION, LE CASQUE OBLIGATOIRE TOUJOURS BOUCH\u00c9, SI LA BULLE DE S\u00c9CURIT\u00c9 VOUS AVANCE, CONTINUEZ \u00c0 RESPECTER LES R\u00c8GLES DE CIRCULATION \u00c0 CIRCULATION OUVERTE.<\/p>\n<p><strong>ATTENTION LORS DES DESCENTES<\/strong><\/p>\n<p>TERRAIN IRR\u00c9GULIER, VITESSE \u00c9LEV\u00c9E NON RECOMMAND\u00c9E, ROULEZ TOUJOURS SUR VOTRE DROITE.<\/p>\n<p><strong>COLLECTE DU SAC DU COUREUR<\/strong><\/p>\n<p>OBLIGATOIRE DE PR\u00c9SENTER LA CARTE D&rsquo;IDENTIT\u00c9 ORIGINALE, LICENCE RFEC POUR LES F\u00c9D\u00c9R\u00c9S. SI VOUS SOUHAITEZ R\u00c9CUP\u00c9RER CELUI DE QUELQU&rsquo;UN D&rsquo;AUTRE, IL SERA OBLIGATOIRE DE PR\u00c9SENTER L&rsquo;ORIGINAL DE LA CARTE D&rsquo;IDENTIT\u00c9 OU DE REMETTRE UNE COPIE DE CELLE-CI AVEC UNE AUTORISATION SIGN\u00c9E PAR LE TITULAIRE (SANS EXCEPTION). LES PHOTOS NE VALENT PAS SUR LE MOBILE. MERCI DE COLLABORER.<\/p>\n<p><strong>SAC \u00c0 MANTEAU<\/strong><\/p>\n<p>UNE FOIS LE DOSSARD R\u00c9CUP\u00c9R\u00c9 POUR VOUS IDENTIFIER, NOUS R\u00c9CUP\u00c9RERONS VOTRE SAC EN LE MARQUANT AVEC VOTRE DOSSARD POUR LE RETOURNER \u00c0 L&rsquo;ARRIV\u00c9E. NOUS RECOMMANDONS UN SAC L\u00c9GER OU UN SAC \u00c0 DOS CAR VOUS DEVEZ Y RETOURNER, AVEC DES GANTS, DES MANCHETTES, UN IMPERM\u00c9ABLE, UN T-SHIRT THERMIQUE DE REMPLACEMENT&#8230; \u00c0 VOTRE GO\u00dbT. VOUS AVEZ 35 KM DE RETOUR \u00c0 POLA DE LENA. \u00c0 LA FIN DE TOUS LES PARTICIPANTS, NOUS RETOURNERONS LES NON COLLECT\u00c9S AU COLEGIO DEL PILAR.<\/p>\n<p><strong>BRACELET D&rsquo;ACCR\u00c9DITATION PARTICIPANT BLEU<\/strong><\/p>\n<p>OBLIGATOIRE DE LE PORTER \u00c0 LA FOIS VISIBLE, IL DONNE ACC\u00c8S AUX APPROPRI\u00c9S, AUX SACS \u00c0 MANTEAU, AUX VESTIAIRES ET VOUS IDENTIFIE EN TANT QUE PARTICIPANT EN CAS D&rsquo;ACCIDENT.<\/p>\n<p><strong>MINIBUS NAVETTE<\/strong><\/p>\n<p>POUR PLUS DE COMMODIT\u00c9, VOUS AUREZ \u00c0 VOTRE DISPOSITION UN MINIBUS NAVETTE ENTRE LE CENTRE SPORTIF (DOUCHES) ET LE COLL\u00c8GE DU PILAR (NOURRITURE), ENTRE 13H45 ET 16H30 SANS INTERRUPTION<\/p>\n\t\t\t\t\t\t<\/div>\n\t\t\t\t<\/div>\n\t\t\t\t\t<\/div>\n\t\t<\/div>\n\t\t\t\t\t<\/div>\n\t\t<\/section>\n\t\t\t\t<section data-particle_enable=\"false\" data-particle-mobile-disabled=\"false\" class=\"elementor-section elementor-top-section elementor-element elementor-element-66cdb16 elementor-section-boxed elementor-section-height-default elementor-section-height-default\" data-id=\"66cdb16\" data-element_type=\"section\">\n\t\t\t\t\t\t<div class=\"elementor-container elementor-column-gap-default\">\n\t\t\t\t\t<div class=\"elementor-column elementor-col-100 elementor-top-column elementor-element elementor-element-8b4509d\" data-id=\"8b4509d\" data-element_type=\"column\">\n\t\t\t<div class=\"elementor-widget-wrap elementor-element-populated\">\n\t\t\t\t\t\t<div class=\"elementor-element elementor-element-c833b16 elementor-align-center elementor-widget elementor-widget-button\" data-id=\"c833b16\" data-element_type=\"widget\" data-widget_type=\"button.default\">\n\t\t\t\t<div class=\"elementor-widget-container\">\n\t\t\t\t\t<div class=\"elementor-button-wrapper\">\n\t\t\t<a class=\"elementor-button elementor-button-link elementor-size-sm elementor-animation-grow\" href=\"https:\/\/cicloturistalacubilla.es\/descargas\/Autorizaci\u00f3n_Dorsal_CUBILLA.pdf\" target=\"_blank\">\n\t\t\t\t\t\t<span class=\"elementor-button-content-wrapper\">\n\t\t\t\t\t\t<span class=\"elementor-button-icon\">\n\t\t\t\t<i aria-hidden=\"true\" class=\"far fa-file-pdf\"><\/i>\t\t\t<\/span>\n\t\t\t\t\t\t\t\t\t<span class=\"elementor-button-text\">AUTORISATION DORSALE<\/span>\n\t\t\t\t\t<\/span>\n\t\t\t\t\t<\/a>\n\t\t<\/div>\n\t\t\t\t<\/div>\n\t\t\t\t<\/div>\n\t\t\t\t\t<\/div>\n\t\t<\/div>\n\t\t\t\t\t<\/div>\n\t\t<\/section>\n\t\t\t\t<section data-particle_enable=\"false\" data-particle-mobile-disabled=\"false\" class=\"elementor-section elementor-top-section elementor-element elementor-element-77fa142 elementor-section-full_width elementor-section-height-default elementor-section-height-default\" data-id=\"77fa142\" data-element_type=\"section\">\n\t\t\t\t\t\t<div class=\"elementor-container elementor-column-gap-default\">\n\t\t\t\t\t<div class=\"elementor-column elementor-col-100 elementor-top-column elementor-element elementor-element-3c391d8\" data-id=\"3c391d8\" data-element_type=\"column\">\n\t\t\t<div class=\"elementor-widget-wrap elementor-element-populated\">\n\t\t\t\t\t\t<div class=\"elementor-element elementor-element-461d832 elementor-widget elementor-widget-image\" data-id=\"461d832\" data-element_type=\"widget\" data-widget_type=\"image.default\">\n\t\t\t\t<div class=\"elementor-widget-container\">\n\t\t\t\t\t\t\t\t\t\t\t\t\t<img fetchpriority=\"high\" decoding=\"async\" width=\"2560\" height=\"887\" src=\"https:\/\/cicloturistalacubilla.es\/wp-content\/uploads\/2022\/05\/Plano-scaled.jpg\" class=\"attachment-full size-full wp-image-1594\" alt=\"|\u00a0Cicloturista La Cubilla Asturias\" srcset=\"https:\/\/cicloturistalacubilla.es\/wp-content\/uploads\/2022\/05\/Plano-scaled.jpg 2560w, https:\/\/cicloturistalacubilla.es\/wp-content\/uploads\/2022\/05\/Plano-300x104.jpg 300w, https:\/\/cicloturistalacubilla.es\/wp-content\/uploads\/2022\/05\/Plano-1024x355.jpg 1024w, https:\/\/cicloturistalacubilla.es\/wp-content\/uploads\/2022\/05\/Plano-768x266.jpg 768w, https:\/\/cicloturistalacubilla.es\/wp-content\/uploads\/2022\/05\/Plano-1536x532.jpg 1536w, https:\/\/cicloturistalacubilla.es\/wp-content\/uploads\/2022\/05\/Plano-2048x710.jpg 2048w\" sizes=\"(max-width: 2560px) 100vw, 2560px\" title=\"|\u00a0Cicloturista La Cubilla Asturias\">\t\t\t\t\t\t\t\t\t\t\t\t\t<\/div>\n\t\t\t\t<\/div>\n\t\t\t\t\t<\/div>\n\t\t<\/div>\n\t\t\t\t\t<\/div>\n\t\t<\/section>\n\t\t\t\t<\/div>\n\t\t","protected":false},"excerpt":{"rendered":"<p>Comment arriver VOIR SUR Google Maps Polideportivo Jes\u00fas Su\u00e1rez Valgrande Entrega de dorsales. Recinto Ferial Zona de Salida. Campo de Futbol del Sot\u00f3n Control de Acceso a Salida Piscinas Duchas Programme PR\u00d3XIMAMENTE&#8230; RECUERDA PROFITEZ DU CYCLOTOURISME CE N&rsquo;EST PAS UNE COMP\u00c9TITION, PARTAGEZ L&rsquo;EXP\u00c9RIENCE AVEC LES AUTRES PARTICIPANTS, VISUALISEZ LA BEAUT\u00c9 DU PAYSAGE ET CHERCHEZ VOS [&hellip;]<\/p>\n","protected":false},"author":1,"featured_media":613,"parent":0,"menu_order":5,"comment_status":"closed","ping_status":"closed","template":"elementor_header_footer","meta":{"footnotes":""},"class_list":["post-465","page","type-page","status-publish","has-post-thumbnail","hentry"],"_links":{"self":[{"href":"https:\/\/cicloturistalacubilla.es\/fr\/wp-json\/wp\/v2\/pages\/465"}],"collection":[{"href":"https:\/\/cicloturistalacubilla.es\/fr\/wp-json\/wp\/v2\/pages"}],"about":[{"href":"https:\/\/cicloturistalacubilla.es\/fr\/wp-json\/wp\/v2\/types\/page"}],"author":[{"embeddable":true,"href":"https:\/\/cicloturistalacubilla.es\/fr\/wp-json\/wp\/v2\/users\/1"}],"replies":[{"embeddable":true,"href":"https:\/\/cicloturistalacubilla.es\/fr\/wp-json\/wp\/v2\/comments?post=465"}],"version-history":[{"count":6,"href":"https:\/\/cicloturistalacubilla.es\/fr\/wp-json\/wp\/v2\/pages\/465\/revisions"}],"predecessor-version":[{"id":1750,"href":"https:\/\/cicloturistalacubilla.es\/fr\/wp-json\/wp\/v2\/pages\/465\/revisions\/1750"}],"wp:featuredmedia":[{"embeddable":true,"href":"https:\/\/cicloturistalacubilla.es\/fr\/wp-json\/wp\/v2\/media\/613"}],"wp:attachment":[{"href":"https:\/\/cicloturistalacubilla.es\/fr\/wp-json\/wp\/v2\/media?parent=465"}],"curies":[{"name":"wp","href":"https:\/\/api.w.org\/{rel}","templated":true}]}}